{"id":38,"date":"2026-01-18T10:32:50","date_gmt":"2026-01-18T09:32:50","guid":{"rendered":"https:\/\/www.careathome.es\/?page_id=38"},"modified":"2026-02-25T16:31:19","modified_gmt":"2026-02-25T15:31:19","slug":"impressum","status":"publish","type":"page","link":"https:\/\/www.careathome.es\/?page_id=38","title":{"rendered":"Impressum"},"content":{"rendered":"\n<h1 class=\"wp-block-heading has-small-font-size\">Empathicare Health Consultancies &#8211; FZCO<\/h1>\n\n\n\n<p>Dubai Silicon Oasis<\/p>\n\n\n\n<p>Dubai, Dubai<\/p>\n\n\n\n<p>Vereinigte Arabische Emirate<\/p>\n\n\n\n<h3 class=\"wp-block-heading\">Kontakt:<\/h3>\n\n\n\n<p>Telefon: +43 670 55 11 037<br>E-Mail: info@careathome.es<\/p>\n\n\n\n<h3 class=\"wp-block-heading\">Quellenangaben f\u00fcr die verwendeten Bilder und Grafiken:<\/h3>\n\n\n\n<p>www.istockphoto.com, canva<\/p>\n\n\n\n<p><a href=\"https:\/\/harisnya.shop\/24h-betreuung\/datenschutz\/\" target=\"_blank\" rel=\"noreferrer noopener\">WEITER ZU DER DATENSCHUTZERKL\u00c4RUNG<\/a><br>WEITER ZUM HAFTUNGSAUSSCHLUSS (DISCLAIMER)<\/p>\n\n\n\n<h3 class=\"wp-block-heading\">Allgemeine Informationen<\/h3>\n\n\n\n<p>Der Autor bzw. Betreiber dieser Webseiten ist bestrebt, die darin angebotenen Informationen nach bestem Wissen und Gewissen aktuell, vollst\u00e4ndig und richtig darzustellen und aktuell zu halten. Dennoch wird jegliche Haftung f\u00fcr Sch\u00e4den und sonstige wie immer geartete Nachteile ausgeschlossen, die sich aus der Nutzung (oder Nichtnutzung) der angebotenen Informationen ergeben k\u00f6nnen \u2013 dies auch und insbesondere dann, wenn diese Sch\u00e4den\/Nachteile auf die Nutzung von allenfalls nicht aktuellen, unvollst\u00e4ndigen bzw. fehlerhaften Informationen zur\u00fcckzuf\u00fchren sind. Dies gilt dann nicht, wenn seitens des Autors bzw. Betreibers ein vors\u00e4tzliches oder krass grob fahrl\u00e4ssiges Verhalten vorliegt.<\/p>\n\n\n\n<p>Verweise auf fremde Webseiten (Links, Hyperlinks) liegen au\u00dferhalb des Verantwortungsbereiches des Autors und Betreibers.<\/p>\n\n\n\n<p>F\u00fcr Inhalte externer Internetseiten wird demgem\u00e4\u00df keine wie immer geartete Verantwortung bzw. Haftung \u00fcbernommen; insbesondere wird jede Haftung f\u00fcr deren Aussagen, Gestaltung und Inhalte ausgeschlossen, zumal kein Einfluss auf Inhalte und Gestaltung von gelinkten Seiten besteht. F\u00fcr Inhalte von Seiten, auf welche von Seiten dieser Webseiten verwiesen wird, haftet somit allein der Anbieter dieser fremden Webseiten \u2013 niemals jedoch derjenige, der durch einen Link auf fremde Publikationen und Inhalte verweist. Sollten gelinkte Seiten (insbesondere durch Ver\u00e4nderung der Inhalte nach dem Setzen des Links) illegale, fehlerhafte, unvollst\u00e4ndige, beleidigende oder sittenwidrige Informationen beinhalten und gelangen derartige Inhalte von gelinkten Seiten zur Kenntnis, so wird der Link auf derartige Seiten unverz\u00fcglich unterbunden.<\/p>\n\n\n\n<p>Zudem wird keine wie immer geartete Haftung und Verantwortung f\u00fcr fremde Websiten \u00fcbernommen, von denen durch Hyperlinks auf unsere Website verwiesen wird.<\/p>\n\n\n\n<p>Eine laufende Kontrolle von Seiten, zu denen man durch Hyperlinks gelangen kann oder von denen durch Hyperlinks auf unsere Website verwiesen wird, erfolgt nicht.<\/p>\n\n\n\n<p>Wir machen uns den Inhalt von Seiten, zu denen man von unserer Website durch Hyperlinks gelangen kann oder von denen durch Hyperlinks auf unsere Website verwiesen wird, auch nicht zu eigen.<\/p>\n\n\n\n<h3 class=\"wp-block-heading\">Informationsinhalt<\/h3>\n\n\n\n<p>Die Informationen dieser Webseiten k\u00f6nnen ohne vorherige Ank\u00fcndigung ge\u00e4ndert, entfernt oder erg\u00e4nzt werden. Es wird daher keine Haftung f\u00fcr die Korrektheit, Vollst\u00e4ndigkeit, Qualit\u00e4t oder Aktualit\u00e4t der bereitgestellten Informationen gegeben.<\/p>\n\n\n\n<h3 class=\"wp-block-heading\">Nutzungsbedingungen<\/h3>\n\n\n\n<p>Durch Nutzung dieser Webseiten unterliegt der Nutzer den gegenst\u00e4ndlichen Nutzungsbedingungen. Diese sind Teil des WWW-Angebotes. Sofern Teile oder einzelne Formulierungen der Nutzungsbedingungen der geltenden Rechtslage nicht, nicht mehr oder nicht vollst\u00e4ndig entsprechen sollten, bleiben die \u00fcbrigen Teile der Nutzungsbedingungen in ihrem Inhalt und ihrer G\u00fcltigkeit davon unber\u00fchrt.<\/p>\n\n\n\n<h3 class=\"wp-block-heading\">Nutzung unserer Daten<\/h3>\n\n\n\n<p>Der Nutzung von im Rahmen der Impressums- bzw. Offenlegungs- und Informationspflicht ver\u00f6ffentlichten Kontaktdaten durch Dritte zur \u00dcbersendung von nicht ausdr\u00fccklich angeforderter Werbung und Informationsmaterialien wird hiermit ausdr\u00fccklich widersprochen. Die Einleitung rechtlicher Schritte im Falle der unverlangten Zusendung von Werbeinformationen, etwa durch Spam-Mails etc. bleibt vorbehalten.<\/p>\n\n\n\n<p>Der Besuch unserer Website ist grunds\u00e4tzlich ohne Angabe personenbezogener Daten m\u00f6glich. Es werden lediglich die von Ihrem Internet-Provider mitgeteilten Angaben erhoben (v.a. die Ihnen zugewiesene IP-Adresse). Diese Informationen werden von uns lediglich f\u00fcr die Dauer des Website-Besuchs gespeichert; eine Auswertung erfolgt lediglich zu statistischen Zwecken, wobei der einzelne Nutzer anonym bleibt.<\/p>\n\n\n\n<p>Um Ihnen eine bessere Nutzung unserer Website zu erm\u00f6glichen, setzen wir die als \u201eCookies\u201c bekannten kleinen Textdateien ein, um Pr\u00e4ferenzen der Nutzer zu verfolgen und unsere Website entsprechend optimal gestalten zu k\u00f6nnen. Cookies werden heute von den meisten Websites routinem\u00e4\u00dfig eingesetzt. Sollten Sie in dieser Hinsicht jedoch Bedenken haben, k\u00f6nnen Sie Ihren Browser auch so einstellen, dass er keine Cookies akzeptiert.<\/p>\n\n\n\n<p>Dar\u00fcber hinaus erheben wir nur solche personenbezogenen Daten, die vom Website-Besucher explizit und freiwillig eingegeben werden. Eine solche Eingabe kann z. B. erfolgen, wenn ein Besucher sich f\u00fcr bestimmte Bereiche der Website registrieren lassen oder einen Newsletter abonnieren. Derartige Informationen werden von uns ausschlie\u00dflich zum entsprechenden Zweck und unter Beachtung der geltenden gesetzlichen Bestimmungen genutzt; eine weitergehende Nutzung erfolgt nur mit Ihrer Einwilligung. Der Einwilligung zur Nutzung Ihrer Daten k\u00f6nnen Sie jederzeit widersprechen.<\/p>\n\n\n\n<p>Wir teilen Dritten keinerlei personenbezogenen Daten mit, sofern dies nicht gesetzlich erlaubt ist oder vom Betroffenen selbst ausdr\u00fccklich gew\u00fcnscht wird. Uns ist der Wert Ihrer pers\u00f6nlichen Angaben bewusst. Wir ergreifen deshalb alle gesetzlich vorgeschriebene Ma\u00dfnahmen zum Schutz der uns anvertrauten personenbezogenen Daten.<\/p>\n\n\n\n<p>Bei der Verarbeitung personenbezogener Daten beachten wir selbstverst\u00e4ndlich die jeweils geltenden gesetzlichen Bestimmungen, insbesondere des Datenschutzgesetzes (DSG).<\/p>\n\n\n\n<p><em>Quellverweis:&nbsp;<a href=\"http:\/\/www.e-recht24.de\/muster-datenschutzerklaerung.html\" target=\"_blank\" rel=\"noreferrer noopener\">Datenschutzerkl\u00e4rung<\/a>&nbsp;von eRecht24,&nbsp;<a href=\"http:\/\/www.e-recht24.de\/artikel\/datenschutz\/6590-facebook-like-button-datenschutz-disclaimer.html\" target=\"_blank\" rel=\"noreferrer noopener\">Facebook-Disclaimer von eRecht24<\/a>,&nbsp;<a href=\"http:\/\/www.google.com\/intl\/de\/analytics\/learn\/privacy.html\" target=\"_blank\" rel=\"noreferrer noopener\">Datenschutzerkl\u00e4rung Google Analytics<\/a>,&nbsp;<a href=\"http:\/\/www.e-recht24.de\/artikel\/datenschutz\/6635-datenschutz-rechtliche-risiken-bei-der-nutzung-von-google-analytics-und-googleadsense.html\" target=\"_blank\" rel=\"noreferrer noopener\">eRecht24 Datenschutzerkl\u00e4rung Google Adsense<\/a>,&nbsp;<a href=\"http:\/\/www.google.com\/intl\/de\/+\/policy\/+1button.html\" target=\"_blank\" rel=\"noreferrer noopener\">Google +1 Datenschutzerkl\u00e4rung<\/a>,&nbsp;<a href=\"http:\/\/twitter.com\/privacy\" target=\"_blank\" rel=\"noreferrer noopener\">Twitter Datenschutzerkl\u00e4rung<\/a><\/em><\/p>\n","protected":false},"excerpt":{"rendered":"<p>Empathicare Health Consultancies &#8211; FZCO Dubai Silicon Oasis Dubai, Dubai Vereinigte Arabische Emirate Kontakt: Telefon: +43 670 55 11 037E-Mail: info@careathome.es Quellenangaben f\u00fcr die verwendeten Bilder und Grafiken: www.istockphoto.com, canva &#8230;<\/p>\n","protected":false},"author":1,"featured_media":0,"parent":0,"menu_order":0,"comment_status":"closed","ping_status":"closed","template":"","meta":{"footnotes":""},"class_list":["post-38","page","type-page","status-publish","hentry"],"_links":{"self":[{"href":"https:\/\/www.careathome.es\/index.php?rest_route=\/wp\/v2\/pages\/38","targetHints":{"allow":["GET"]}}],"collection":[{"href":"https:\/\/www.careathome.es\/index.php?rest_route=\/wp\/v2\/pages"}],"about":[{"href":"https:\/\/www.careathome.es\/index.php?rest_route=\/wp\/v2\/types\/page"}],"author":[{"embeddable":true,"href":"https:\/\/www.careathome.es\/index.php?rest_route=\/wp\/v2\/users\/1"}],"replies":[{"embeddable":true,"href":"https:\/\/www.careathome.es\/index.php?rest_route=%2Fwp%2Fv2%2Fcomments&post=38"}],"version-history":[{"count":4,"href":"https:\/\/www.careathome.es\/index.php?rest_route=\/wp\/v2\/pages\/38\/revisions"}],"predecessor-version":[{"id":133,"href":"https:\/\/www.careathome.es\/index.php?rest_route=\/wp\/v2\/pages\/38\/revisions\/133"}],"wp:attachment":[{"href":"https:\/\/www.careathome.es\/index.php?rest_route=%2Fwp%2Fv2%2Fmedia&parent=38"}],"curies":[{"name":"wp","href":"https:\/\/api.w.org\/{rel}","templated":true}]}}